{"id":440,"date":"2023-07-25T14:13:34","date_gmt":"2023-07-25T12:13:34","guid":{"rendered":"https:\/\/trucktrust.se\/about-us\/"},"modified":"2024-05-08T11:44:56","modified_gmt":"2024-05-08T09:44:56","slug":"about-us","status":"publish","type":"page","link":"https:\/\/trucktrust.se\/en\/about-us\/","title":{"rendered":"About us"},"content":{"rendered":"\t\t<div data-elementor-type=\"wp-page\" data-elementor-id=\"440\" class=\"elementor elementor-440 elementor-69\">\n\t\t\t\t\t\t<div class=\"elementor-section elementor-top-section elementor-element elementor-element-9e9f8fe elementor-section-boxed elementor-section-height-default elementor-section-height-default\" data-id=\"9e9f8fe\" data-element_type=\"section\" data-e-type=\"section\" data-settings=\"{&quot;background_background&quot;:&quot;classic&quot;}\">\n\t\t\t\t\t\t<div class=\"elementor-container elementor-column-gap-default\">\n\t\t\t\t\t<div class=\"elementor-column elementor-col-100 elementor-top-column elementor-element elementor-element-db247c9\" data-id=\"db247c9\" data-element_type=\"column\" data-e-type=\"column\">\n\t\t\t<div class=\"elementor-widget-wrap elementor-element-populated\">\n\t\t\t\t\t\t<div class=\"elementor-element elementor-element-a0f328a elementor-widget elementor-widget-heading\" data-id=\"a0f328a\" data-element_type=\"widget\" data-e-type=\"widget\" data-widget_type=\"heading.default\">\n\t\t\t\t<div class=\"elementor-widget-container\">\n\t\t\t\t\t<h5 class=\"elementor-heading-title elementor-size-default\">About us<\/h5>\t\t\t\t<\/div>\n\t\t\t\t<\/div>\n\t\t\t\t<div class=\"elementor-element elementor-element-05960dc elementor-widget__width-initial elementor-widget elementor-widget-heading\" data-id=\"05960dc\" data-element_type=\"widget\" data-e-type=\"widget\" data-widget_type=\"heading.default\">\n\t\t\t\t<div class=\"elementor-widget-container\">\n\t\t\t\t\t<h1 class=\"elementor-heading-title elementor-size-default\">The necessary change of supplies<\/h1>\t\t\t\t<\/div>\n\t\t\t\t<\/div>\n\t\t\t\t<div class=\"elementor-element elementor-element-375413c elementor-widget elementor-widget-spacer\" data-id=\"375413c\" data-element_type=\"widget\" data-e-type=\"widget\" data-widget_type=\"spacer.default\">\n\t\t\t\t<div class=\"elementor-widget-container\">\n\t\t\t\t\t\t\t<div class=\"elementor-spacer\">\n\t\t\t<div class=\"elementor-spacer-inner\"><\/div>\n\t\t<\/div>\n\t\t\t\t\t\t<\/div>\n\t\t\t\t<\/div>\n\t\t\t\t<div class=\"elementor-element elementor-element-47ceb8d elementor-widget__width-initial elementor-widget-tablet__width-initial elementor-widget elementor-widget-text-editor\" data-id=\"47ceb8d\" data-element_type=\"widget\" data-e-type=\"widget\" data-widget_type=\"text-editor.default\">\n\t\t\t\t<div class=\"elementor-widget-container\">\n\t\t\t\t\t\t\t\t\t<p>TruckTrust is part of the necessary change in goods transport, deliveries, truck traffic and logistics. Our belief is that the transport logistics of the future must be much more sustainable than it is today.<\/p>\n\t\t\t\t\t\t\t\t<\/div>\n\t\t\t\t<\/div>\n\t\t\t\t\t<\/div>\n\t\t<\/div>\n\t\t\t\t\t<\/div>\n\t\t<\/div>\n\t\t\t\t<div class=\"elementor-section elementor-top-section elementor-element elementor-element-8f66286 elementor-section-boxed elementor-section-height-default elementor-section-height-default\" data-id=\"8f66286\" data-element_type=\"section\" data-e-type=\"section\">\n\t\t\t\t\t\t<div class=\"elementor-container elementor-column-gap-default\">\n\t\t\t\t\t<div class=\"elementor-column elementor-col-33 elementor-top-column elementor-element elementor-element-be9abad\" data-id=\"be9abad\" data-element_type=\"column\" data-e-type=\"column\">\n\t\t\t<div class=\"elementor-widget-wrap elementor-element-populated\">\n\t\t\t\t\t\t<div class=\"elementor-element elementor-element-cee69dd elementor-widget elementor-widget-bdt-advanced-counter\" data-id=\"cee69dd\" data-element_type=\"widget\" data-e-type=\"widget\" data-widget_type=\"bdt-advanced-counter.default\">\n\t\t\t\t<div class=\"elementor-widget-container\">\n\t\t\t\t\t\t\t<div class=\"bdt-ep-advanced-counter\" data-settings=\"{&quot;id&quot;:&quot;bdt-ep-advanced-counter-data-cee69dd&quot;,&quot;countStart&quot;:1,&quot;countNumber&quot;:1,&quot;language&quot;:[&quot;0&quot;,&quot;1&quot;,&quot;2&quot;,&quot;3&quot;,&quot;4&quot;,&quot;5&quot;,&quot;6&quot;,&quot;7&quot;,&quot;8&quot;,&quot;9&quot;],&quot;decimalPlaces&quot;:3,&quot;duration&quot;:&quot;2&quot;,&quot;useEasing&quot;:&quot;yes&quot;,&quot;useGrouping&quot;:&quot;no&quot;,&quot;decimalSymbol&quot;:&quot;,&quot;,&quot;counterSuffix&quot;:&quot;+&quot;}\">\n\t\t\t\t\t\t\t\t\t\n\t\t\t\t\t\t\t<div class=\"bdt-ep-advanced-counter-content\">\n\t\t\t\t\t\t\t\t\t\n\t\t\t\t\t<div class=\"bdt-ep-advanced-counter-number\">\n\t\t\t\t<span class=\"bdt-count-this\" id=\"bdt-ep-advanced-counter-data-cee69dd\" >\n\t\t\t\t\t1\t\t\t\t<\/span>\n\t\t\t<\/div>\n\t\t\t\t\t\t\t\t\t\t\t\t\t\t\t\t\t\t\t\t<p\t\t\t\t\t\tclass=\"bdt-ep-advanced-counter-text\">\n\t\t\t\t\t\tPlaces\t\t\t\t\t<\/p>\n\t\t\t\t\t\t\t<\/div>\n\t\t<\/div>\n\n\t\t\n\t\t\t\t<\/div>\n\t\t\t\t<\/div>\n\t\t\t\t\t<\/div>\n\t\t<\/div>\n\t\t\t\t<div class=\"elementor-column elementor-col-33 elementor-top-column elementor-element elementor-element-823377b\" data-id=\"823377b\" data-element_type=\"column\" data-e-type=\"column\">\n\t\t\t<div class=\"elementor-widget-wrap elementor-element-populated\">\n\t\t\t\t\t\t<div class=\"elementor-element elementor-element-53e7583 elementor-widget elementor-widget-bdt-advanced-counter\" data-id=\"53e7583\" data-element_type=\"widget\" data-e-type=\"widget\" data-widget_type=\"bdt-advanced-counter.default\">\n\t\t\t\t<div class=\"elementor-widget-container\">\n\t\t\t\t\t\t\t<div class=\"bdt-ep-advanced-counter\" data-settings=\"{&quot;id&quot;:&quot;bdt-ep-advanced-counter-data-53e7583&quot;,&quot;countStart&quot;:1,&quot;countNumber&quot;:100,&quot;language&quot;:[&quot;0&quot;,&quot;1&quot;,&quot;2&quot;,&quot;3&quot;,&quot;4&quot;,&quot;5&quot;,&quot;6&quot;,&quot;7&quot;,&quot;8&quot;,&quot;9&quot;],&quot;duration&quot;:&quot;2&quot;,&quot;useEasing&quot;:&quot;yes&quot;,&quot;useGrouping&quot;:&quot;no&quot;,&quot;decimalSymbol&quot;:&quot;.&quot;,&quot;counterSuffix&quot;:&quot;+&quot;}\">\n\t\t\t\t\t\t\t\t\t\n\t\t\t\t\t\t\t<div class=\"bdt-ep-advanced-counter-content\">\n\t\t\t\t\t\t\t\t\t\n\t\t\t\t\t<div class=\"bdt-ep-advanced-counter-number\">\n\t\t\t\t<span class=\"bdt-count-this\" id=\"bdt-ep-advanced-counter-data-53e7583\" >\n\t\t\t\t\t100\t\t\t\t<\/span>\n\t\t\t<\/div>\n\t\t\t\t\t\t\t\t\t\t\t\t\t\t\t\t\t\t\t\t<p\t\t\t\t\t\tclass=\"bdt-ep-advanced-counter-text\">\n\t\t\t\t\t\tBookable parking spaces\t\t\t\t\t<\/p>\n\t\t\t\t\t\t\t<\/div>\n\t\t<\/div>\n\n\t\t\n\t\t\t\t<\/div>\n\t\t\t\t<\/div>\n\t\t\t\t\t<\/div>\n\t\t<\/div>\n\t\t\t\t<div class=\"elementor-column elementor-col-33 elementor-top-column elementor-element elementor-element-c195862\" data-id=\"c195862\" data-element_type=\"column\" data-e-type=\"column\">\n\t\t\t<div class=\"elementor-widget-wrap elementor-element-populated\">\n\t\t\t\t\t\t<div class=\"elementor-element elementor-element-27a0376 elementor-widget elementor-widget-bdt-advanced-counter\" data-id=\"27a0376\" data-element_type=\"widget\" data-e-type=\"widget\" data-widget_type=\"bdt-advanced-counter.default\">\n\t\t\t\t<div class=\"elementor-widget-container\">\n\t\t\t\t\t\t\t<div class=\"bdt-ep-advanced-counter\" data-settings=\"{&quot;id&quot;:&quot;bdt-ep-advanced-counter-data-27a0376&quot;,&quot;countStart&quot;:1,&quot;countNumber&quot;:4,&quot;language&quot;:[&quot;0&quot;,&quot;1&quot;,&quot;2&quot;,&quot;3&quot;,&quot;4&quot;,&quot;5&quot;,&quot;6&quot;,&quot;7&quot;,&quot;8&quot;,&quot;9&quot;],&quot;duration&quot;:&quot;2&quot;,&quot;useEasing&quot;:&quot;yes&quot;,&quot;useGrouping&quot;:&quot;no&quot;,&quot;decimalSymbol&quot;:&quot;.&quot;}\">\n\t\t\t\t\t\t\t\t\t\n\t\t\t\t\t\t\t<div class=\"bdt-ep-advanced-counter-content\">\n\t\t\t\t\t\t\t\t\t\n\t\t\t\t\t<div class=\"bdt-ep-advanced-counter-number\">\n\t\t\t\t<span class=\"bdt-count-this\" id=\"bdt-ep-advanced-counter-data-27a0376\" >\n\t\t\t\t\t4\t\t\t\t<\/span>\n\t\t\t<\/div>\n\t\t\t\t\t\t\t\t\t\t\t\t\t\t\t\t\t\t\t\t<p\t\t\t\t\t\tclass=\"bdt-ep-advanced-counter-text\">\n\t\t\t\t\t\tCountries and growing\t\t\t\t\t<\/p>\n\t\t\t\t\t\t\t<\/div>\n\t\t<\/div>\n\n\t\t\n\t\t\t\t<\/div>\n\t\t\t\t<\/div>\n\t\t\t\t\t<\/div>\n\t\t<\/div>\n\t\t\t\t\t<\/div>\n\t\t<\/div>\n\t\t\t\t<div class=\"elementor-section elementor-top-section elementor-element elementor-element-9f819c1 elementor-section-boxed elementor-section-height-default elementor-section-height-default\" data-id=\"9f819c1\" data-element_type=\"section\" data-e-type=\"section\" data-settings=\"{&quot;background_background&quot;:&quot;classic&quot;}\">\n\t\t\t\t\t\t\t<div class=\"elementor-background-overlay\"><\/div>\n\t\t\t\t\t\t\t<div class=\"elementor-container elementor-column-gap-default\">\n\t\t\t\t\t<div class=\"elementor-column elementor-col-50 elementor-top-column elementor-element elementor-element-b2f42e7\" data-id=\"b2f42e7\" data-element_type=\"column\" data-e-type=\"column\">\n\t\t\t<div class=\"elementor-widget-wrap elementor-element-populated\">\n\t\t\t\t\t\t<div class=\"elementor-element elementor-element-918b4f9 elementor-widget elementor-widget-image\" data-id=\"918b4f9\" data-element_type=\"widget\" data-e-type=\"widget\" data-widget_type=\"image.default\">\n\t\t\t\t<div class=\"elementor-widget-container\">\n\t\t\t\t\t\t\t\t\t\t\t\t\t\t\t<img fetchpriority=\"high\" decoding=\"async\" width=\"3525\" height=\"3525\" src=\"https:\/\/trucktrust.se\/wp-content\/uploads\/2024\/04\/robertlidberg_a_happy_female_truck_driver_using_her_phone_infro_19b4619d-55bc-4128-8bf9-2e3e9dffaa22-2.png\" class=\"attachment-full size-full wp-image-424\" alt=\"\" srcset=\"https:\/\/trucktrust.se\/wp-content\/uploads\/2024\/04\/robertlidberg_a_happy_female_truck_driver_using_her_phone_infro_19b4619d-55bc-4128-8bf9-2e3e9dffaa22-2.png 3525w, https:\/\/trucktrust.se\/wp-content\/uploads\/2024\/04\/robertlidberg_a_happy_female_truck_driver_using_her_phone_infro_19b4619d-55bc-4128-8bf9-2e3e9dffaa22-2-300x300.png 300w, https:\/\/trucktrust.se\/wp-content\/uploads\/2024\/04\/robertlidberg_a_happy_female_truck_driver_using_her_phone_infro_19b4619d-55bc-4128-8bf9-2e3e9dffaa22-2-1024x1024.png 1024w, https:\/\/trucktrust.se\/wp-content\/uploads\/2024\/04\/robertlidberg_a_happy_female_truck_driver_using_her_phone_infro_19b4619d-55bc-4128-8bf9-2e3e9dffaa22-2-150x150.png 150w, https:\/\/trucktrust.se\/wp-content\/uploads\/2024\/04\/robertlidberg_a_happy_female_truck_driver_using_her_phone_infro_19b4619d-55bc-4128-8bf9-2e3e9dffaa22-2-768x768.png 768w, https:\/\/trucktrust.se\/wp-content\/uploads\/2024\/04\/robertlidberg_a_happy_female_truck_driver_using_her_phone_infro_19b4619d-55bc-4128-8bf9-2e3e9dffaa22-2-1536x1536.png 1536w, https:\/\/trucktrust.se\/wp-content\/uploads\/2024\/04\/robertlidberg_a_happy_female_truck_driver_using_her_phone_infro_19b4619d-55bc-4128-8bf9-2e3e9dffaa22-2-2048x2048.png 2048w, https:\/\/trucktrust.se\/wp-content\/uploads\/2024\/04\/robertlidberg_a_happy_female_truck_driver_using_her_phone_infro_19b4619d-55bc-4128-8bf9-2e3e9dffaa22-2-650x650.png 650w\" sizes=\"(max-width: 3525px) 100vw, 3525px\" \/>\t\t\t\t\t\t\t\t\t\t\t\t\t\t\t<\/div>\n\t\t\t\t<\/div>\n\t\t\t\t\t<\/div>\n\t\t<\/div>\n\t\t\t\t<div class=\"elementor-column elementor-col-50 elementor-top-column elementor-element elementor-element-7c474e1\" data-id=\"7c474e1\" data-element_type=\"column\" data-e-type=\"column\">\n\t\t\t<div class=\"elementor-widget-wrap elementor-element-populated\">\n\t\t\t\t\t\t<div class=\"elementor-element elementor-element-81ff4a3 elementor-widget__width-initial elementor-widget-mobile__width-inherit elementor-widget elementor-widget-heading\" data-id=\"81ff4a3\" data-element_type=\"widget\" data-e-type=\"widget\" data-widget_type=\"heading.default\">\n\t\t\t\t<div class=\"elementor-widget-container\">\n\t\t\t\t\t<h2 class=\"elementor-heading-title elementor-size-default\">The necessary change of supplies<\/h2>\t\t\t\t<\/div>\n\t\t\t\t<\/div>\n\t\t\t\t<div class=\"elementor-element elementor-element-177d97d elementor-widget elementor-widget-spacer\" data-id=\"177d97d\" data-element_type=\"widget\" data-e-type=\"widget\" data-widget_type=\"spacer.default\">\n\t\t\t\t<div class=\"elementor-widget-container\">\n\t\t\t\t\t\t\t<div class=\"elementor-spacer\">\n\t\t\t<div class=\"elementor-spacer-inner\"><\/div>\n\t\t<\/div>\n\t\t\t\t\t\t<\/div>\n\t\t\t\t<\/div>\n\t\t\t\t<div class=\"elementor-element elementor-element-7e6245d elementor-widget__width-initial elementor-widget-tablet__width-inherit elementor-widget-mobile__width-inherit elementor-widget elementor-widget-text-editor\" data-id=\"7e6245d\" data-element_type=\"widget\" data-e-type=\"widget\" data-widget_type=\"text-editor.default\">\n\t\t\t\t<div class=\"elementor-widget-container\">\n\t\t\t\t\t\t\t\t\t<p>TruckTrust is part of the necessary change in goods transport, deliveries, truck traffic and logistics. Our belief is that the transport logistics of the future must be much more sustainable than it is today. TruckTrust does:<\/p>\n\t\t\t\t\t\t\t\t<\/div>\n\t\t\t\t<\/div>\n\t\t\t\t<div class=\"elementor-element elementor-element-c043755 bdt-content-position--left elementor-widget elementor-widget-bdt-fancy-list\" data-id=\"c043755\" data-element_type=\"widget\" data-e-type=\"widget\" data-widget_type=\"bdt-fancy-list.default\">\n\t\t\t\t<div class=\"elementor-widget-container\">\n\t\t\t\t\t\t\t<div class=\"bdt-fancy-list bdt-fancy-list-style-1\">\n\t\t\t<ul class=\"bdt-list bdt-fancy-list-group\" class=\"bdt-fancy-list-icon\">\n\t\t\t\t\t\t\t\t\t<li>\n\t\t\t\t\t\t<div class=\"bdt-fancy-list-wrap\">\t\t\t\t\t\t<div class=\"bdt-flex flex-wrap\">\n\t\t\t\t\t\t\t\t\t\t\t\t\t\t\t\t\t\t\t\t\t<div class=\"bdt-fancy-list-content\">\n\t\t\t\t\t\t\t\t<h4\t\t\t\t\t\t\t\t\tclass=\"bdt-fancy-list-title\">\n\t\t\t\t\t\t\t\t\tMakes the driver's everyday life more comfortable\t\t\t\t\t\t\t\t<\/h4>\n\t\t\t\t\t\t\t\t<p class=\"bdt-fancy-list-text\">\n\t\t\t\t\t\t\t\t\t\t\t\t\t\t\t\t\t<\/p>\n\t\t\t\t\t\t\t<\/div>\n\t\t\t\t\t\t\t\t\t\t\t\t\t\t\t<div class=\"bdt-fancy-list-icon\">\n\t\t\t\t\t\t\t\t\t<svg aria-hidden=\"true\" class=\"e-font-icon-svg e-fas-check\" viewBox=\"0 0 512 512\" xmlns=\"http:\/\/www.w3.org\/2000\/svg\"><path d=\"M173.898 439.404l-166.4-166.4c-9.997-9.997-9.997-26.206 0-36.204l36.203-36.204c9.997-9.998 26.207-9.998 36.204 0L192 312.69 432.095 72.596c9.997-9.997 26.207-9.997 36.204 0l36.203 36.204c9.997 9.997 9.997 26.206 0 36.204l-294.4 294.401c-9.998 9.997-26.207 9.997-36.204-.001z\"><\/path><\/svg>\t\t\t\t\t\t\t\t<\/div>\n\t\t\t\t\t\t\t\t\t\t\t\t\t<\/div>\n\t\t\t\t\t\t\t\t\t\t<\/div>\n\t\t\t\t\t\t<\/li>\n\t\t\t\t\t\t\t<li>\n\t\t\t\t\t\t<div class=\"bdt-fancy-list-wrap\">\t\t\t\t\t\t<div class=\"bdt-flex flex-wrap\">\n\t\t\t\t\t\t\t\t\t\t\t\t\t\t\t\t\t\t\t\t\t<div class=\"bdt-fancy-list-content\">\n\t\t\t\t\t\t\t\t<h4\t\t\t\t\t\t\t\t\tclass=\"bdt-fancy-list-title\">\n\t\t\t\t\t\t\t\t\tThe haulier's delivery more secure\t\t\t\t\t\t\t\t<\/h4>\n\t\t\t\t\t\t\t\t<p class=\"bdt-fancy-list-text\">\n\t\t\t\t\t\t\t\t\t\t\t\t\t\t\t\t\t<\/p>\n\t\t\t\t\t\t\t<\/div>\n\t\t\t\t\t\t\t\t\t\t\t\t\t\t\t<div class=\"bdt-fancy-list-icon\">\n\t\t\t\t\t\t\t\t\t<svg aria-hidden=\"true\" class=\"e-font-icon-svg e-fas-check\" viewBox=\"0 0 512 512\" xmlns=\"http:\/\/www.w3.org\/2000\/svg\"><path d=\"M173.898 439.404l-166.4-166.4c-9.997-9.997-9.997-26.206 0-36.204l36.203-36.204c9.997-9.998 26.207-9.998 36.204 0L192 312.69 432.095 72.596c9.997-9.997 26.207-9.997 36.204 0l36.203 36.204c9.997 9.997 9.997 26.206 0 36.204l-294.4 294.401c-9.998 9.997-26.207 9.997-36.204-.001z\"><\/path><\/svg>\t\t\t\t\t\t\t\t<\/div>\n\t\t\t\t\t\t\t\t\t\t\t\t\t<\/div>\n\t\t\t\t\t\t\t\t\t\t<\/div>\n\t\t\t\t\t\t<\/li>\n\t\t\t\t\t\t\t<li>\n\t\t\t\t\t\t<div class=\"bdt-fancy-list-wrap\">\t\t\t\t\t\t<div class=\"bdt-flex flex-wrap\">\n\t\t\t\t\t\t\t\t\t\t\t\t\t\t\t\t\t\t\t\t\t<div class=\"bdt-fancy-list-content\">\n\t\t\t\t\t\t\t\t<h4\t\t\t\t\t\t\t\t\tclass=\"bdt-fancy-list-title\">\n\t\t\t\t\t\t\t\t\tAnd the site owner's business easier\t\t\t\t\t\t\t\t<\/h4>\n\t\t\t\t\t\t\t\t<p class=\"bdt-fancy-list-text\">\n\t\t\t\t\t\t\t\t\t\t\t\t\t\t\t\t\t<\/p>\n\t\t\t\t\t\t\t<\/div>\n\t\t\t\t\t\t\t\t\t\t\t\t\t\t\t<div class=\"bdt-fancy-list-icon\">\n\t\t\t\t\t\t\t\t\t<svg aria-hidden=\"true\" class=\"e-font-icon-svg e-fas-check\" viewBox=\"0 0 512 512\" xmlns=\"http:\/\/www.w3.org\/2000\/svg\"><path d=\"M173.898 439.404l-166.4-166.4c-9.997-9.997-9.997-26.206 0-36.204l36.203-36.204c9.997-9.998 26.207-9.998 36.204 0L192 312.69 432.095 72.596c9.997-9.997 26.207-9.997 36.204 0l36.203 36.204c9.997 9.997 9.997 26.206 0 36.204l-294.4 294.401c-9.998 9.997-26.207 9.997-36.204-.001z\"><\/path><\/svg>\t\t\t\t\t\t\t\t<\/div>\n\t\t\t\t\t\t\t\t\t\t\t\t\t<\/div>\n\t\t\t\t\t\t\t\t\t\t<\/div>\n\t\t\t\t\t\t<\/li>\n\t\t\t\t<\/ul>\n\t\t<\/div>\n\t\t\t\t\t\t<\/div>\n\t\t\t\t<\/div>\n\t\t\t\t\t<\/div>\n\t\t<\/div>\n\t\t\t\t\t<\/div>\n\t\t<\/div>\n\t\t\t\t<div class=\"elementor-section elementor-top-section elementor-element elementor-element-4dc6733 elementor-section-boxed elementor-section-height-default elementor-section-height-default\" data-id=\"4dc6733\" data-element_type=\"section\" data-e-type=\"section\" data-settings=\"{&quot;background_background&quot;:&quot;classic&quot;}\">\n\t\t\t\t\t\t\t<div class=\"elementor-background-overlay\"><\/div>\n\t\t\t\t\t\t\t<div class=\"elementor-container elementor-column-gap-no\">\n\t\t\t\t\t<div class=\"elementor-column elementor-col-50 elementor-top-column elementor-element elementor-element-58b4019\" data-id=\"58b4019\" data-element_type=\"column\" data-e-type=\"column\" data-settings=\"{&quot;background_background&quot;:&quot;classic&quot;}\">\n\t\t\t<div class=\"elementor-widget-wrap elementor-element-populated\">\n\t\t\t\t\t<div class=\"elementor-background-overlay\"><\/div>\n\t\t\t\t\t\t<div class=\"elementor-element elementor-element-4b26e2f elementor-widget__width-auto elementor-widget elementor-widget-heading\" data-id=\"4b26e2f\" data-element_type=\"widget\" data-e-type=\"widget\" data-widget_type=\"heading.default\">\n\t\t\t\t<div class=\"elementor-widget-container\">\n\t\t\t\t\t<h5 class=\"elementor-heading-title elementor-size-default\">Who are we<\/h5>\t\t\t\t<\/div>\n\t\t\t\t<\/div>\n\t\t\t\t<div class=\"elementor-element elementor-element-51ce32a elementor-widget elementor-widget-heading\" data-id=\"51ce32a\" data-element_type=\"widget\" data-e-type=\"widget\" data-widget_type=\"heading.default\">\n\t\t\t\t<div class=\"elementor-widget-container\">\n\t\t\t\t\t<h4 class=\"elementor-heading-title elementor-size-default\">We are driven by the desire to use technology and our knowledge of logistics and drivers' everyday life to improve the conditions for those who do the work while optimizing the delivery service<\/h4>\t\t\t\t<\/div>\n\t\t\t\t<\/div>\n\t\t\t\t\t<\/div>\n\t\t<\/div>\n\t\t\t\t<div class=\"elementor-column elementor-col-50 elementor-top-column elementor-element elementor-element-46f5550\" data-id=\"46f5550\" data-element_type=\"column\" data-e-type=\"column\" data-settings=\"{&quot;background_background&quot;:&quot;classic&quot;}\">\n\t\t\t<div class=\"elementor-widget-wrap elementor-element-populated\">\n\t\t\t\t\t\t<div class=\"elementor-element elementor-element-aa15f0c elementor-widget elementor-widget-spacer\" data-id=\"aa15f0c\" data-element_type=\"widget\" data-e-type=\"widget\" data-widget_type=\"spacer.default\">\n\t\t\t\t<div class=\"elementor-widget-container\">\n\t\t\t\t\t\t\t<div class=\"elementor-spacer\">\n\t\t\t<div class=\"elementor-spacer-inner\"><\/div>\n\t\t<\/div>\n\t\t\t\t\t\t<\/div>\n\t\t\t\t<\/div>\n\t\t\t\t\t<\/div>\n\t\t<\/div>\n\t\t\t\t\t<\/div>\n\t\t<\/div>\n\t\t\t\t<\/div>\n\t\t","protected":false},"excerpt":{"rendered":"<p>About us The necessary change of supplies TruckTrust is part of the necessary change in goods transport, deliveries, truck traffic and logistics. [&hellip;]<\/p>\n","protected":false},"author":1,"featured_media":0,"parent":0,"menu_order":0,"comment_status":"closed","ping_status":"closed","template":"","meta":{"footnotes":""},"class_list":["post-440","page","type-page","status-publish","hentry"],"yoast_head":"<!-- This site is optimized with the Yoast SEO plugin v27.0 - https:\/\/yoast.com\/product\/yoast-seo-wordpress\/ -->\n<title>About us - TruckTrust<\/title>\n<meta name=\"robots\" content=\"index, follow, max-snippet:-1, max-image-preview:large, max-video-preview:-1\" \/>\n<link rel=\"canonical\" href=\"https:\/\/trucktrust.se\/en\/about-us\/\" \/>\n<meta property=\"og:locale\" content=\"en_US\" \/>\n<meta property=\"og:type\" content=\"article\" \/>\n<meta property=\"og:title\" content=\"About us - TruckTrust\" \/>\n<meta property=\"og:description\" content=\"About us The necessary change of supplies TruckTrust is part of the necessary change in goods transport, deliveries, truck traffic and logistics. [&hellip;]\" \/>\n<meta property=\"og:url\" content=\"https:\/\/trucktrust.se\/en\/about-us\/\" \/>\n<meta property=\"og:site_name\" content=\"TruckTrust\" \/>\n<meta property=\"article:modified_time\" content=\"2024-05-08T09:44:56+00:00\" \/>\n<meta property=\"og:image\" content=\"https:\/\/trucktrust.se\/wp-content\/uploads\/2024\/04\/robertlidberg_a_happy_female_truck_driver_using_her_phone_infro_19b4619d-55bc-4128-8bf9-2e3e9dffaa22-2.png\" \/>\n<meta name=\"twitter:card\" content=\"summary_large_image\" \/>\n<meta name=\"twitter:label1\" content=\"Est. reading time\" \/>\n\t<meta name=\"twitter:data1\" content=\"1 minute\" \/>\n<script type=\"application\/ld+json\" class=\"yoast-schema-graph\">{\"@context\":\"https:\/\/schema.org\",\"@graph\":[{\"@type\":\"WebPage\",\"@id\":\"https:\/\/trucktrust.se\/en\/about-us\/\",\"url\":\"https:\/\/trucktrust.se\/en\/about-us\/\",\"name\":\"About us - TruckTrust\",\"isPartOf\":{\"@id\":\"https:\/\/tt.duvadev.se\/#website\"},\"primaryImageOfPage\":{\"@id\":\"https:\/\/trucktrust.se\/en\/about-us\/#primaryimage\"},\"image\":{\"@id\":\"https:\/\/trucktrust.se\/en\/about-us\/#primaryimage\"},\"thumbnailUrl\":\"https:\/\/trucktrust.se\/wp-content\/uploads\/2024\/04\/robertlidberg_a_happy_female_truck_driver_using_her_phone_infro_19b4619d-55bc-4128-8bf9-2e3e9dffaa22-2.png\",\"datePublished\":\"2023-07-25T12:13:34+00:00\",\"dateModified\":\"2024-05-08T09:44:56+00:00\",\"breadcrumb\":{\"@id\":\"https:\/\/trucktrust.se\/en\/about-us\/#breadcrumb\"},\"inLanguage\":\"en-US\",\"potentialAction\":[{\"@type\":\"ReadAction\",\"target\":[\"https:\/\/trucktrust.se\/en\/about-us\/\"]}]},{\"@type\":\"ImageObject\",\"inLanguage\":\"en-US\",\"@id\":\"https:\/\/trucktrust.se\/en\/about-us\/#primaryimage\",\"url\":\"https:\/\/trucktrust.se\/wp-content\/uploads\/2024\/04\/robertlidberg_a_happy_female_truck_driver_using_her_phone_infro_19b4619d-55bc-4128-8bf9-2e3e9dffaa22-2.png\",\"contentUrl\":\"https:\/\/trucktrust.se\/wp-content\/uploads\/2024\/04\/robertlidberg_a_happy_female_truck_driver_using_her_phone_infro_19b4619d-55bc-4128-8bf9-2e3e9dffaa22-2.png\"},{\"@type\":\"BreadcrumbList\",\"@id\":\"https:\/\/trucktrust.se\/en\/about-us\/#breadcrumb\",\"itemListElement\":[{\"@type\":\"ListItem\",\"position\":1,\"name\":\"Home\",\"item\":\"https:\/\/trucktrust.se\/en\/\"},{\"@type\":\"ListItem\",\"position\":2,\"name\":\"About us\"}]},{\"@type\":\"WebSite\",\"@id\":\"https:\/\/tt.duvadev.se\/#website\",\"url\":\"https:\/\/tt.duvadev.se\/\",\"name\":\"TruckTrust\",\"description\":\"Chauff\u00f6rens v\u00e4n p\u00e5 v\u00e4gen\",\"potentialAction\":[{\"@type\":\"SearchAction\",\"target\":{\"@type\":\"EntryPoint\",\"urlTemplate\":\"https:\/\/tt.duvadev.se\/?s={search_term_string}\"},\"query-input\":{\"@type\":\"PropertyValueSpecification\",\"valueRequired\":true,\"valueName\":\"search_term_string\"}}],\"inLanguage\":\"en-US\"}]}<\/script>\n<!-- \/ Yoast SEO plugin. -->","yoast_head_json":{"title":"About us - TruckTrust","robots":{"index":"index","follow":"follow","max-snippet":"max-snippet:-1","max-image-preview":"max-image-preview:large","max-video-preview":"max-video-preview:-1"},"canonical":"https:\/\/trucktrust.se\/en\/about-us\/","og_locale":"en_US","og_type":"article","og_title":"About us - TruckTrust","og_description":"About us The necessary change of supplies TruckTrust is part of the necessary change in goods transport, deliveries, truck traffic and logistics. [&hellip;]","og_url":"https:\/\/trucktrust.se\/en\/about-us\/","og_site_name":"TruckTrust","article_modified_time":"2024-05-08T09:44:56+00:00","og_image":[{"url":"https:\/\/trucktrust.se\/wp-content\/uploads\/2024\/04\/robertlidberg_a_happy_female_truck_driver_using_her_phone_infro_19b4619d-55bc-4128-8bf9-2e3e9dffaa22-2.png","type":"","width":"","height":""}],"twitter_card":"summary_large_image","twitter_misc":{"Est. reading time":"1 minute"},"schema":{"@context":"https:\/\/schema.org","@graph":[{"@type":"WebPage","@id":"https:\/\/trucktrust.se\/en\/about-us\/","url":"https:\/\/trucktrust.se\/en\/about-us\/","name":"About us - TruckTrust","isPartOf":{"@id":"https:\/\/tt.duvadev.se\/#website"},"primaryImageOfPage":{"@id":"https:\/\/trucktrust.se\/en\/about-us\/#primaryimage"},"image":{"@id":"https:\/\/trucktrust.se\/en\/about-us\/#primaryimage"},"thumbnailUrl":"https:\/\/trucktrust.se\/wp-content\/uploads\/2024\/04\/robertlidberg_a_happy_female_truck_driver_using_her_phone_infro_19b4619d-55bc-4128-8bf9-2e3e9dffaa22-2.png","datePublished":"2023-07-25T12:13:34+00:00","dateModified":"2024-05-08T09:44:56+00:00","breadcrumb":{"@id":"https:\/\/trucktrust.se\/en\/about-us\/#breadcrumb"},"inLanguage":"en-US","potentialAction":[{"@type":"ReadAction","target":["https:\/\/trucktrust.se\/en\/about-us\/"]}]},{"@type":"ImageObject","inLanguage":"en-US","@id":"https:\/\/trucktrust.se\/en\/about-us\/#primaryimage","url":"https:\/\/trucktrust.se\/wp-content\/uploads\/2024\/04\/robertlidberg_a_happy_female_truck_driver_using_her_phone_infro_19b4619d-55bc-4128-8bf9-2e3e9dffaa22-2.png","contentUrl":"https:\/\/trucktrust.se\/wp-content\/uploads\/2024\/04\/robertlidberg_a_happy_female_truck_driver_using_her_phone_infro_19b4619d-55bc-4128-8bf9-2e3e9dffaa22-2.png"},{"@type":"BreadcrumbList","@id":"https:\/\/trucktrust.se\/en\/about-us\/#breadcrumb","itemListElement":[{"@type":"ListItem","position":1,"name":"Home","item":"https:\/\/trucktrust.se\/en\/"},{"@type":"ListItem","position":2,"name":"About us"}]},{"@type":"WebSite","@id":"https:\/\/tt.duvadev.se\/#website","url":"https:\/\/tt.duvadev.se\/","name":"TruckTrust","description":"Chauff\u00f6rens v\u00e4n p\u00e5 v\u00e4gen","potentialAction":[{"@type":"SearchAction","target":{"@type":"EntryPoint","urlTemplate":"https:\/\/tt.duvadev.se\/?s={search_term_string}"},"query-input":{"@type":"PropertyValueSpecification","valueRequired":true,"valueName":"search_term_string"}}],"inLanguage":"en-US"}]}},"_links":{"self":[{"href":"https:\/\/trucktrust.se\/en\/wp-json\/wp\/v2\/pages\/440","targetHints":{"allow":["GET"]}}],"collection":[{"href":"https:\/\/trucktrust.se\/en\/wp-json\/wp\/v2\/pages"}],"about":[{"href":"https:\/\/trucktrust.se\/en\/wp-json\/wp\/v2\/types\/page"}],"author":[{"embeddable":true,"href":"https:\/\/trucktrust.se\/en\/wp-json\/wp\/v2\/users\/1"}],"replies":[{"embeddable":true,"href":"https:\/\/trucktrust.se\/en\/wp-json\/wp\/v2\/comments?post=440"}],"version-history":[{"count":4,"href":"https:\/\/trucktrust.se\/en\/wp-json\/wp\/v2\/pages\/440\/revisions"}],"predecessor-version":[{"id":469,"href":"https:\/\/trucktrust.se\/en\/wp-json\/wp\/v2\/pages\/440\/revisions\/469"}],"wp:attachment":[{"href":"https:\/\/trucktrust.se\/en\/wp-json\/wp\/v2\/media?parent=440"}],"curies":[{"name":"wp","href":"https:\/\/api.w.org\/{rel}","templated":true}]}}